{"id":1007,"date":"2018-05-14T07:17:52","date_gmt":"2018-05-14T05:17:52","guid":{"rendered":"https:\/\/www.accpl.es\/socios\/register\/"},"modified":"2025-04-10T16:02:25","modified_gmt":"2025-04-10T14:02:25","slug":"registro","status":"publish","type":"page","link":"https:\/\/www.accpl.es\/socios\/registro\/","title":{"rendered":"Registro"},"content":{"rendered":"<p>[et_pb_section fb_built=\u00bb1&#8243; _builder_version=\u00bb4.16&#8243; _module_preset=\u00bbdefault\u00bb global_colors_info=\u00bb{}\u00bb][et_pb_row _builder_version=\u00bb4.16&#8243; _module_preset=\u00bbdefault\u00bb global_colors_info=\u00bb{}\u00bb][et_pb_column type=\u00bb4_4&#8243; _builder_version=\u00bb4.16&#8243; _module_preset=\u00bbdefault\u00bb global_colors_info=\u00bb{}\u00bb][et_pb_image src=\u00bbhttps:\/\/www.accpl.es\/socios\/wp-content\/uploads\/accpl_asociacion_policia_sevilla_logo-1.png\u00bb title_text=\u00bbaccpl_asociacion_policia_sevilla_logo\u00bb disabled_on=\u00bboff|off|off\u00bb _builder_version=\u00bb4.16&#8243; _module_preset=\u00bbdefault\u00bb width=\u00bb23%\u00bb module_alignment=\u00bbcenter\u00bb global_colors_info=\u00bb{}\u00bb][\/et_pb_image][et_pb_sidebar _builder_version=\u00bb4.16&#8243; _module_preset=\u00bbdefault\u00bb global_colors_info=\u00bb{}\u00bb][\/et_pb_sidebar][\/et_pb_column][\/et_pb_row][\/et_pb_section][et_pb_section fb_built=\u00bb1&#8243; admin_label=\u00bbsection\u00bb _builder_version=\u00bb4.16&#8243; global_colors_info=\u00bb{}\u00bb][et_pb_row disabled_on=\u00bboff|off|off\u00bb admin_label=\u00bbrow\u00bb _builder_version=\u00bb4.16&#8243; background_size=\u00bbinitial\u00bb background_position=\u00bbtop_left\u00bb background_repeat=\u00bbrepeat\u00bb global_colors_info=\u00bb{}\u00bb][et_pb_column type=\u00bb4_4&#8243; _builder_version=\u00bb4.16&#8243; custom_padding=\u00bb|||\u00bb global_colors_info=\u00bb{}\u00bb custom_padding__hover=\u00bb|||\u00bb][et_pb_text admin_label=\u00bbText\u00bb _builder_version=\u00bb4.27.4&#8243; background_size=\u00bbinitial\u00bb background_position=\u00bbtop_left\u00bb background_repeat=\u00bbrepeat\u00bb global_colors_info=\u00bb{}\u00bb]<\/p>\n<p>Si como socio de la ACCPL ya est\u00e1 registrado en la web, introduzca su usuario (direcci\u00f3n de correo electr\u00f3nico) y contrase\u00f1a (la que design\u00f3 en el registro) en la parte superior para acceder.<\/p>\n<p>Si a\u00fan no se encuentra registrado, rellene el formulario que se encuentra m\u00e1s abajo.<\/p>\n<p>Hasta que el administrador del sitio no autorice tu usuario, no podr\u00e1s acceder a ning\u00fan contenido restringido.<\/p>\n<p>Si ve que no puede navegar por las p\u00e1ginas, espere a que el administrador active su usuario y no se vuelva a registrar.<\/p>\n<p>&nbsp;<\/p>\n\n<div class=\"wpcf7 no-js\" id=\"wpcf7-f5262-o1\" lang=\"es-ES\" dir=\"ltr\" data-wpcf7-id=\"5262\">\n<div class=\"screen-reader-response\"><p role=\"status\" aria-live=\"polite\" aria-atomic=\"true\"><\/p> <ul><\/ul><\/div>\n<form action=\"\/socios\/wp-json\/wp\/v2\/pages\/1007#wpcf7-f5262-o1\" method=\"post\" class=\"wpcf7-form init cf7-style\" aria-label=\"Formulario de contacto\" novalidate=\"novalidate\" data-status=\"init\">\n<fieldset class=\"hidden-fields-container\"><input type=\"hidden\" name=\"_wpcf7\" value=\"5262\" \/><input type=\"hidden\" name=\"_wpcf7_version\" value=\"6.1.5\" \/><input type=\"hidden\" name=\"_wpcf7_locale\" value=\"es_ES\" \/><input type=\"hidden\" name=\"_wpcf7_unit_tag\" value=\"wpcf7-f5262-o1\" \/><input type=\"hidden\" name=\"_wpcf7_container_post\" value=\"0\" \/><input type=\"hidden\" name=\"_wpcf7_posted_data_hash\" value=\"\" \/><input type=\"hidden\" name=\"_wpcf7_recaptcha_response\" value=\"\" \/>\n<\/fieldset>\n<p><label> Nombre usuario (tu correo electr\u00f3nico)<br \/>\n<span class=\"wpcf7-form-control-wrap\" data-name=\"your-name\"><input size=\"40\" maxlength=\"400\" class=\"wpcf7-form-control wpcf7-text wpcf7-validates-as-required\" autocomplete=\"name\" aria-required=\"true\" aria-invalid=\"false\" value=\"\" type=\"text\" name=\"your-name\" \/><\/span> <\/label>\n<\/p>\n<p><label> Tu correo electr\u00f3nico<br \/>\n<span class=\"wpcf7-form-control-wrap\" data-name=\"your-email\"><input size=\"40\" maxlength=\"400\" class=\"wpcf7-form-control wpcf7-email wpcf7-validates-as-required wpcf7-text wpcf7-validates-as-email\" autocomplete=\"email\" aria-required=\"true\" aria-invalid=\"false\" value=\"\" type=\"email\" name=\"your-email\" \/><\/span> <\/label>\n<\/p>\n<p><label> N\u00famero de socio<br \/>\n<span class=\"wpcf7-form-control-wrap\" data-name=\"number-403\"><input class=\"wpcf7-form-control wpcf7-number wpcf7-validates-as-required wpcf7-validates-as-number\" min=\"0001\" max=\"10000\" aria-required=\"true\" aria-invalid=\"false\" value=\"\" type=\"number\" name=\"number-403\" \/><\/span> <\/label>\n<\/p>\n<p><label> Nombre y Apellidos<br \/>\n<span class=\"wpcf7-form-control-wrap\" data-name=\"text-33\"><input size=\"40\" maxlength=\"400\" class=\"wpcf7-form-control wpcf7-text wpcf7-validates-as-required\" aria-required=\"true\" aria-invalid=\"false\" value=\"\" type=\"text\" name=\"text-33\" \/><\/span> <\/label>\n<\/p>\n<p><span class=\"wpcf7-form-control-wrap\" data-name=\"quiz-449\"><label><span class=\"wpcf7-quiz-label\">\u00bfCuanto son 6 - 2 ?<\/span> <input size=\"40\" class=\"wpcf7-form-control wpcf7-quiz\" autocomplete=\"off\" aria-required=\"true\" aria-invalid=\"false\" type=\"text\" name=\"quiz-449\" \/><\/label><input type=\"hidden\" name=\"_wpcf7_quiz_answer_quiz-449\" value=\"76e71842c516cc87a5ee1c7e6fbe1c06\" \/><\/span>\n<\/p>\n<p><input class=\"wpcf7-form-control wpcf7-submit has-spinner\" type=\"submit\" value=\"Enviar\" \/>\n<\/p><div class=\"wpcf7-response-output\" aria-hidden=\"true\"><\/div>\n<\/form>\n<\/div>\n\n<p>Gracias por registrarse en la web <a href=\"http:\/\/www.accpl.es\">www.accpl.es<\/a><\/p>\n<p><a href=\"https:\/\/www.accpl.es\/socios\/politica-de-privacidad\/\">Pol\u00edtica de privacidad<\/a>\u00a0\u00a0 \u00a0 \u00a0 \u00a0 <a href=\"https:\/\/www.accpl.es\/socios\/politica-de-cookies\/\">Pol\u00edtica de cookies<\/a><\/p>\n<p>[\/et_pb_text][et_pb_text disabled_on=\u00bbon|on|on\u00bb admin_label=\u00bbText\u00bb _builder_version=\u00bb4.25.1&#8243; background_size=\u00bbinitial\u00bb background_position=\u00bbtop_left\u00bb background_repeat=\u00bbrepeat\u00bb disabled=\u00bbon\u00bb global_colors_info=\u00bb{}\u00bb]<\/p>\n<p>Si como socio de la ACCPL ya est\u00e1 registrado en la web, introduzca su usuario (direcci\u00f3n de correo electr\u00f3nico) y contrase\u00f1a (la que design\u00f3 en el registro) en la parte superior para acceder.<\/p>\n<p>Si a\u00fan no se encuentra registrado, rellene el formulario que se encuentra m\u00e1s abajo.<\/p>\n<p>Hasta que el administrador del sitio no autorice tu usuario, no podr\u00e1s acceder a ning\u00fan contenido restringido.<\/p>\n<p>Si ve que no puede navegar por las p\u00e1ginas, espere a que el administrador active su usuario y no se vuelva a registrar.<\/p>\n<p>[gravityform id=\u00bb3&#8243; title=\u00bbfalse\u00bb description=\u00bbfalse\u00bb]<\/p>\n\n<div class=\"wpcf7 no-js\" id=\"wpcf7-f5262-o2\" lang=\"es-ES\" dir=\"ltr\" data-wpcf7-id=\"5262\">\n<div class=\"screen-reader-response\"><p role=\"status\" aria-live=\"polite\" aria-atomic=\"true\"><\/p> <ul><\/ul><\/div>\n<form action=\"\/socios\/wp-json\/wp\/v2\/pages\/1007#wpcf7-f5262-o2\" method=\"post\" class=\"wpcf7-form init cf7-style\" aria-label=\"Formulario de contacto\" novalidate=\"novalidate\" data-status=\"init\">\n<fieldset class=\"hidden-fields-container\"><input type=\"hidden\" name=\"_wpcf7\" value=\"5262\" \/><input type=\"hidden\" name=\"_wpcf7_version\" value=\"6.1.5\" \/><input type=\"hidden\" name=\"_wpcf7_locale\" value=\"es_ES\" \/><input type=\"hidden\" name=\"_wpcf7_unit_tag\" value=\"wpcf7-f5262-o2\" \/><input type=\"hidden\" name=\"_wpcf7_container_post\" value=\"0\" \/><input type=\"hidden\" name=\"_wpcf7_posted_data_hash\" value=\"\" \/><input type=\"hidden\" name=\"_wpcf7_recaptcha_response\" value=\"\" \/>\n<\/fieldset>\n<p><label> Nombre usuario (tu correo electr\u00f3nico)<br \/>\n<span class=\"wpcf7-form-control-wrap\" data-name=\"your-name\"><input size=\"40\" maxlength=\"400\" class=\"wpcf7-form-control wpcf7-text wpcf7-validates-as-required\" autocomplete=\"name\" aria-required=\"true\" aria-invalid=\"false\" value=\"\" type=\"text\" name=\"your-name\" \/><\/span> <\/label>\n<\/p>\n<p><label> Tu correo electr\u00f3nico<br \/>\n<span class=\"wpcf7-form-control-wrap\" data-name=\"your-email\"><input size=\"40\" maxlength=\"400\" class=\"wpcf7-form-control wpcf7-email wpcf7-validates-as-required wpcf7-text wpcf7-validates-as-email\" autocomplete=\"email\" aria-required=\"true\" aria-invalid=\"false\" value=\"\" type=\"email\" name=\"your-email\" \/><\/span> <\/label>\n<\/p>\n<p><label> N\u00famero de socio<br \/>\n<span class=\"wpcf7-form-control-wrap\" data-name=\"number-403\"><input class=\"wpcf7-form-control wpcf7-number wpcf7-validates-as-required wpcf7-validates-as-number\" min=\"0001\" max=\"10000\" aria-required=\"true\" aria-invalid=\"false\" value=\"\" type=\"number\" name=\"number-403\" \/><\/span> <\/label>\n<\/p>\n<p><label> Nombre y Apellidos<br \/>\n<span class=\"wpcf7-form-control-wrap\" data-name=\"text-33\"><input size=\"40\" maxlength=\"400\" class=\"wpcf7-form-control wpcf7-text wpcf7-validates-as-required\" aria-required=\"true\" aria-invalid=\"false\" value=\"\" type=\"text\" name=\"text-33\" \/><\/span> <\/label>\n<\/p>\n<p><span class=\"wpcf7-form-control-wrap\" data-name=\"quiz-449\"><label><span class=\"wpcf7-quiz-label\">\u00bfCuanto son 6 - 2 ?<\/span> <input size=\"40\" class=\"wpcf7-form-control wpcf7-quiz\" autocomplete=\"off\" aria-required=\"true\" aria-invalid=\"false\" type=\"text\" name=\"quiz-449\" \/><\/label><input type=\"hidden\" name=\"_wpcf7_quiz_answer_quiz-449\" value=\"76e71842c516cc87a5ee1c7e6fbe1c06\" \/><\/span>\n<\/p>\n<p><input class=\"wpcf7-form-control wpcf7-submit has-spinner\" type=\"submit\" value=\"Enviar\" \/>\n<\/p><div class=\"wpcf7-response-output\" aria-hidden=\"true\"><\/div>\n<\/form>\n<\/div>\n\n<p>Gracias por registrarse en la web <a href=\"http:\/\/www.accpl.es\">www.accpl.es<\/a><\/p>\n<p><a href=\"https:\/\/www.accpl.es\/socios\/politica-de-privacidad\/\">Pol\u00edtica de privacidad<\/a>\u00a0\u00a0 \u00a0 \u00a0 \u00a0 <a href=\"https:\/\/www.accpl.es\/socios\/politica-de-cookies\/\">Pol\u00edtica de cookies<\/a><\/p>\n<p>[\/et_pb_text][\/et_pb_column][\/et_pb_row][\/et_pb_section][et_pb_section fb_built=\u00bb1&#8243; _builder_version=\u00bb4.16&#8243; _module_preset=\u00bbdefault\u00bb global_colors_info=\u00bb{}\u00bb][\/et_pb_section]<\/p>\n","protected":false},"excerpt":{"rendered":"<p>Si como socio de la ACCPL ya est\u00e1 registrado en la web, introduzca su usuario (direcci\u00f3n de correo electr\u00f3nico) y contrase\u00f1a (la que design\u00f3 en el registro) en la parte superior para acceder. Si a\u00fan no se encuentra registrado, rellene el formulario que se encuentra m\u00e1s abajo. Hasta que el administrador del sitio no autorice [&hellip;]<\/p>\n","protected":false},"author":554,"featured_media":0,"parent":0,"menu_order":0,"comment_status":"closed","ping_status":"closed","template":"page-template-blank.php","meta":{"_et_pb_use_builder":"on","_et_pb_old_content":"Hasta que el administrador del sitio no autorice tu usuario, no podr\u00e1s acceder a ning\u00fan contenido restringido.\r\n\r\nPor favor si ya se ha registrado, introduzca su usuario y contrase\u00f1a en la parte derecha para acceder. Si ve que no puede navegar por las p\u00e1ginas, espere a que el administrador active su usuario y no se vuelva a registrar.\r\n\r\n[gravityform id=\"3\" title=\"false\" description=\"false\"]\r\n\r\nGracias por registrarse en la web <a href=\"http:\/\/www.accpl.es\">www.accpl.es<\/a>\r\n\r\n<a href=\"https:\/\/www.accpl.es\/socios\/politica-de-privacidad\/\">Pol\u00edtica de privacidad<\/a>\u00a0\u00a0 \u00a0 \u00a0 \u00a0 <a href=\"https:\/\/www.accpl.es\/socios\/politica-de-cookies\/\">Pol\u00edtica de cookies<\/a>","_et_gb_content_width":"","footnotes":""},"class_list":["post-1007","page","type-page","status-publish","hentry"],"_links":{"self":[{"href":"https:\/\/www.accpl.es\/socios\/wp-json\/wp\/v2\/pages\/1007","targetHints":{"allow":["GET"]}}],"collection":[{"href":"https:\/\/www.accpl.es\/socios\/wp-json\/wp\/v2\/pages"}],"about":[{"href":"https:\/\/www.accpl.es\/socios\/wp-json\/wp\/v2\/types\/page"}],"author":[{"embeddable":true,"href":"https:\/\/www.accpl.es\/socios\/wp-json\/wp\/v2\/users\/554"}],"replies":[{"embeddable":true,"href":"https:\/\/www.accpl.es\/socios\/wp-json\/wp\/v2\/comments?post=1007"}],"version-history":[{"count":45,"href":"https:\/\/www.accpl.es\/socios\/wp-json\/wp\/v2\/pages\/1007\/revisions"}],"predecessor-version":[{"id":5619,"href":"https:\/\/www.accpl.es\/socios\/wp-json\/wp\/v2\/pages\/1007\/revisions\/5619"}],"wp:attachment":[{"href":"https:\/\/www.accpl.es\/socios\/wp-json\/wp\/v2\/media?parent=1007"}],"curies":[{"name":"wp","href":"https:\/\/api.w.org\/{rel}","templated":true}]}}