{"id":3782,"date":"2021-02-16T12:54:25","date_gmt":"2021-02-16T11:54:25","guid":{"rendered":"https:\/\/www.accpl.es\/socios\/?page_id=3782"},"modified":"2021-02-16T12:54:25","modified_gmt":"2021-02-16T11:54:25","slug":"ofertas-2","status":"publish","type":"page","link":"https:\/\/www.accpl.es\/socios\/ofertas-2\/","title":{"rendered":"OFERTAS"},"content":{"rendered":"<p>[et_pb_section fb_built=\u00bb1&#8243; admin_label=\u00bbHeader\u00bb _builder_version=\u00bb4.6.5&#8243; use_background_color_gradient=\u00bbon\u00bb background_color_gradient_start=\u00bb#ffffff\u00bb background_color_gradient_end=\u00bbrgba(255,255,255,0.62)\u00bb background_color_gradient_direction=\u00bb140deg\u00bb background_color_gradient_overlays_image=\u00bbon\u00bb background_image=\u00bbhttps:\/\/www.accpl.es\/socios\/wp-content\/uploads\/accpl_asociacion_policia_local_sevilla_feria04.jpg\u00bb max_width=\u00bb90%\u00bb custom_padding=\u00bb6vw||6vw|10vw|true|false\u00bb hover_enabled=\u00bb0&#8243; box_shadow_style=\u00bbpreset4&#8243; box_shadow_horizontal=\u00bb30vw\u00bb box_shadow_vertical=\u00bb-15vw\u00bb box_shadow_color=\u00bb#0c71c3&#8243; locked=\u00bboff\u00bb alt=\u00bbaccpl_asociacion_policia_local_sevilla_feria04&#8243; title_text=\u00bbaccpl_asociacion_policia_local_sevilla_feria04&#8243; sticky_enabled=\u00bb0&#8243;][et_pb_row _builder_version=\u00bb4.0.9&#8243; width=\u00bb90%\u00bb max_width=\u00bbnone\u00bb locked=\u00bboff\u00bb][et_pb_column type=\u00bb4_4&#8243; _builder_version=\u00bb4.0.9&#8243;][et_pb_text _builder_version=\u00bb4.4.8&#8243; header_font=\u00bbPlayfair Display|700|||||||\u00bb header_font_size=\u00bb140px\u00bb header_line_height=\u00bb1.2em\u00bb header_2_font=\u00bbPlayfair Display|700|||||||\u00bb header_2_font_size=\u00bb20px\u00bb header_2_line_height=\u00bb1.2em\u00bb header_font_size_tablet=\u00bb80px\u00bb header_font_size_phone=\u00bb40px\u00bb header_font_size_last_edited=\u00bbon|phone\u00bb locked=\u00bboff\u00bb]<\/p>\n<h1>Ofertas<\/h1>\n<p>[\/et_pb_text][\/et_pb_column][\/et_pb_row][\/et_pb_section][et_pb_section fb_built=\u00bb1&#8243; admin_label=\u00bbBlog\u00bb _builder_version=\u00bb4.1&#8243;][et_pb_row column_structure=\u00bb1_2,1_2&#8243; _builder_version=\u00bb4.1&#8243; locked=\u00bboff\u00bb][et_pb_column type=\u00bb1_2&#8243; _builder_version=\u00bb4.0.9&#8243;][et_pb_blog posts_number=\u00bb1&#8243; use_manual_excerpt=\u00bboff\u00bb show_more=\u00bbon\u00bb show_author=\u00bboff\u00bb show_date=\u00bboff\u00bb show_categories=\u00bboff\u00bb show_pagination=\u00bboff\u00bb _builder_version=\u00bb4.4.8&#8243; header_level=\u00bbh4&#8243; header_font=\u00bbPlayfair Display|700|||||||\u00bb header_font_size=\u00bb24px\u00bb header_line_height=\u00bb1.2em\u00bb body_font_size=\u00bb16px\u00bb body_line_height=\u00bb2em\u00bb meta_line_height=\u00bb1.8em\u00bb read_more_font=\u00bb|700||on|||||\u00bb read_more_text_color=\u00bb#fd8c03&#8243; read_more_font_size=\u00bb12px\u00bb read_more_letter_spacing=\u00bb4px\u00bb read_more_line_height=\u00bb3em\u00bb pagination_font=\u00bbPlayfair Display|700|||||||\u00bb pagination_text_color=\u00bb#000000&#8243; pagination_font_size=\u00bb30px\u00bb link_option_url=\u00bb#\u00bb body_font_size_tablet=\u00bb\u00bb body_font_size_phone=\u00bb16px\u00bb body_font_size_last_edited=\u00bbon|phone\u00bb border_width_top_fullwidth=\u00bb10px\u00bb border_color_top_fullwidth=\u00bb#DCC59D\u00bb][\/et_pb_blog][\/et_pb_column][et_pb_column type=\u00bb1_2&#8243; _builder_version=\u00bb4.0.9&#8243;][et_pb_blog posts_number=\u00bb1&#8243; use_manual_excerpt=\u00bboff\u00bb show_more=\u00bbon\u00bb show_author=\u00bboff\u00bb show_date=\u00bboff\u00bb show_categories=\u00bboff\u00bb show_pagination=\u00bboff\u00bb offset_number=\u00bb1&#8243; _builder_version=\u00bb4.4.8&#8243; header_level=\u00bbh4&#8243; header_font=\u00bbPlayfair Display|700|||||||\u00bb header_font_size=\u00bb24px\u00bb header_line_height=\u00bb1.2em\u00bb body_font_size=\u00bb16px\u00bb body_line_height=\u00bb2em\u00bb meta_line_height=\u00bb1.8em\u00bb read_more_font=\u00bb|700||on|||||\u00bb read_more_text_color=\u00bb#fd8c03&#8243; read_more_font_size=\u00bb12px\u00bb read_more_letter_spacing=\u00bb4px\u00bb read_more_line_height=\u00bb3em\u00bb pagination_font=\u00bbPlayfair Display|700|||||||\u00bb pagination_text_color=\u00bb#000000&#8243; pagination_font_size=\u00bb30px\u00bb link_option_url=\u00bb#\u00bb body_font_size_tablet=\u00bb\u00bb body_font_size_phone=\u00bb16px\u00bb body_font_size_last_edited=\u00bbon|phone\u00bb border_width_top_fullwidth=\u00bb10px\u00bb border_color_top_fullwidth=\u00bb#0c71c3&#8243; locked=\u00bboff\u00bb][\/et_pb_blog][\/et_pb_column][\/et_pb_row][et_pb_row _builder_version=\u00bb4.1&#8243; locked=\u00bboff\u00bb][et_pb_column type=\u00bb4_4&#8243; _builder_version=\u00bb4.0.9&#8243;][et_pb_blog fullwidth=\u00bboff\u00bb posts_number=\u00bb3&#8243; use_manual_excerpt=\u00bboff\u00bb show_more=\u00bbon\u00bb show_author=\u00bboff\u00bb show_date=\u00bboff\u00bb show_categories=\u00bboff\u00bb offset_number=\u00bb2&#8243; _builder_version=\u00bb4.1&#8243; header_font=\u00bbPlayfair Display|700|||||||\u00bb header_font_size=\u00bb20px\u00bb header_line_height=\u00bb1.2em\u00bb body_line_height=\u00bb2em\u00bb meta_line_height=\u00bb1.8em\u00bb read_more_font=\u00bb|700||on|||||\u00bb read_more_text_color=\u00bb#fd8c03&#8243; read_more_font_size=\u00bb12px\u00bb read_more_letter_spacing=\u00bb4px\u00bb read_more_line_height=\u00bb3em\u00bb pagination_font=\u00bbPlayfair Display|700|||||||\u00bb pagination_text_color=\u00bb#000000&#8243; pagination_font_size=\u00bb30px\u00bb link_option_url=\u00bb#\u00bb border_width_all=\u00bb0px\u00bb border_width_top_fullwidth=\u00bb10px\u00bb border_color_top_fullwidth=\u00bb#DCC59D\u00bb border_width_bottom_image=\u00bb5px\u00bb border_color_bottom_image=\u00bb#dcc59d\u00bb locked=\u00bboff\u00bb][\/et_pb_blog][\/et_pb_column][\/et_pb_row][\/et_pb_section][et_pb_section fb_built=\u00bb1&#8243; custom_padding_last_edited=\u00bboff|desktop\u00bb admin_label=\u00bbFooter\u00bb _builder_version=\u00bb4.4.8&#8243; use_background_color_gradient=\u00bbon\u00bb background_color_gradient_start=\u00bb#eaeced\u00bb background_color_gradient_end=\u00bbrgba(255,255,255,0)\u00bb background_color_gradient_start_position=\u00bb40%\u00bb background_color_gradient_overlays_image=\u00bbon\u00bb background_image=\u00bbhttps:\/\/www.accpl.es\/socios\/wp-content\/uploads\/accpl_asociacion_policia_sevilla_rrmm2020_escenario.jpg\u00bb width=\u00bb90%\u00bb width_tablet=\u00bb100%\u00bb width_phone=\u00bb\u00bb width_last_edited=\u00bbon|tablet\u00bb module_alignment=\u00bbleft\u00bb custom_margin=\u00bb||100px||false|false\u00bb custom_margin_last_edited=\u00bboff|desktop\u00bb custom_padding=\u00bb|||10vw|false|false\u00bb module_alignment_tablet=\u00bbcenter\u00bb module_alignment_phone=\u00bb\u00bb module_alignment_last_edited=\u00bbon|tablet\u00bb locked=\u00bboff\u00bb][et_pb_row _builder_version=\u00bb4.1&#8243;][et_pb_column type=\u00bb4_4&#8243; _builder_version=\u00bb4.0.9&#8243;][et_pb_text _builder_version=\u00bb4.4.8&#8243; text_font_size=\u00bb16px\u00bb text_line_height=\u00bb1.8em\u00bb header_font=\u00bb||||||||\u00bb header_3_font=\u00bbPlayfair Display|700|||||||\u00bb header_3_font_size=\u00bb50px\u00bb header_3_line_height=\u00bb1.2em\u00bb text_orientation=\u00bbcenter\u00bb max_width=\u00bb800px\u00bb module_alignment=\u00bbcenter\u00bb text_font_size_tablet=\u00bb\u00bb text_font_size_phone=\u00bb16px\u00bb text_font_size_last_edited=\u00bbon|phone\u00bb header_3_font_size_tablet=\u00bb40px\u00bb header_3_font_size_phone=\u00bb30px\u00bb header_3_font_size_last_edited=\u00bbon|phone\u00bb locked=\u00bboff\u00bb]<\/p>\n<h3>Asociaci\u00f3n Centro Cultutal\u00a0 Polic\u00eda Local<\/h3>\n<p>[\/et_pb_text][\/et_pb_column][\/et_pb_row][et_pb_row column_structure=\u00bb1_2,1_2&#8243; _builder_version=\u00bb4.1&#8243; max_width=\u00bbnone\u00bb][et_pb_column type=\u00bb1_2&#8243; _builder_version=\u00bb4.0.9&#8243;][et_pb_text _builder_version=\u00bb4.4.8&#8243; text_font_size=\u00bb16px\u00bb text_line_height=\u00bb1.8em\u00bb header_font=\u00bb||||||||\u00bb header_2_font=\u00bb||||||||\u00bb header_2_font_size=\u00bb20px\u00bb header_2_line_height=\u00bb1.8em\u00bb header_3_font=\u00bbPlayfair Display|700|||||||\u00bb header_3_font_size=\u00bb3vw\u00bb header_3_line_height=\u00bb1.2em\u00bb text_orientation=\u00bbcenter\u00bb max_width=\u00bb800px\u00bb module_alignment=\u00bbcenter\u00bb link_option_url=\u00bb#\u00bb text_font_size_tablet=\u00bb\u00bb text_font_size_phone=\u00bb16px\u00bb text_font_size_last_edited=\u00bbon|phone\u00bb header_3_font_size_tablet=\u00bb40px\u00bb header_3_font_size_phone=\u00bb26px\u00bb header_3_font_size_last_edited=\u00bbon|phone\u00bb locked=\u00bboff\u00bb]<\/p>\n<h2>Tel\u00e9fono<\/h2>\n<h3>955 47 38 04<\/h3>\n<p>[\/et_pb_text][\/et_pb_column][et_pb_column type=\u00bb1_2&#8243; _builder_version=\u00bb4.0.9&#8243;][et_pb_text _builder_version=\u00bb4.4.8&#8243; text_font_size=\u00bb16px\u00bb text_line_height=\u00bb1.8em\u00bb header_font=\u00bb||||||||\u00bb header_2_font=\u00bb||||||||\u00bb header_2_font_size=\u00bb20px\u00bb header_2_line_height=\u00bb1.8em\u00bb header_3_font=\u00bbPlayfair Display|700|||||||\u00bb header_3_font_size=\u00bb3vw\u00bb header_3_line_height=\u00bb1.2em\u00bb text_orientation=\u00bbcenter\u00bb max_width=\u00bb800px\u00bb module_alignment=\u00bbcenter\u00bb link_option_url=\u00bb#\u00bb text_font_size_tablet=\u00bb\u00bb text_font_size_phone=\u00bb16px\u00bb text_font_size_last_edited=\u00bbon|phone\u00bb header_3_font_size_tablet=\u00bb40px\u00bb header_3_font_size_phone=\u00bb26px\u00bb header_3_font_size_last_edited=\u00bbon|phone\u00bb locked=\u00bboff\u00bb header_2_3_font_size_tablet=\u00bb40px\u00bb header_3_3_font_size_tablet=\u00bb40px\u00bb header_4_3_font_size_tablet=\u00bb40px\u00bb header_5_3_font_size_tablet=\u00bb40px\u00bb header_6_3_font_size_tablet=\u00bb40px\u00bb header_2_3_font_size_phone=\u00bb26px\u00bb header_3_3_font_size_phone=\u00bb26px\u00bb header_4_3_font_size_phone=\u00bb26px\u00bb header_5_3_font_size_phone=\u00bb26px\u00bb header_6_3_font_size_phone=\u00bb26px\u00bb header_2_3_font_size_last_edited=\u00bbon|phone\u00bb header_3_3_font_size_last_edited=\u00bbon|phone\u00bb header_4_3_font_size_last_edited=\u00bbon|phone\u00bb header_5_3_font_size_last_edited=\u00bbon|phone\u00bb header_6_3_font_size_last_edited=\u00bbon|phone\u00bb]<\/p>\n<h2>Email\u00a0<\/h2>\n<h3>accpl@accpl.es<\/h3>\n<p>[\/et_pb_text][\/et_pb_column][\/et_pb_row][et_pb_row _builder_version=\u00bb4.0.9&#8243;][et_pb_column type=\u00bb4_4&#8243; _builder_version=\u00bb4.0.9&#8243;][et_pb_button button_url=\u00bbhttps:\/\/www.accpl.es\/socios\/contacto\u00bb button_text=\u00bbContactar\u00bb button_alignment=\u00bbcenter\u00bb _builder_version=\u00bb4.4.8&#8243; custom_button=\u00bbon\u00bb button_text_size=\u00bb12px\u00bb button_text_color=\u00bb#000000&#8243; button_bg_color=\u00bb#ffffff\u00bb button_bg_color_gradient_start=\u00bb#ffcfaa\u00bb button_bg_color_gradient_end=\u00bb#fa6eb9&#8243; button_bg_color_gradient_direction=\u00bb89deg\u00bb button_border_width=\u00bb0px\u00bb button_border_radius=\u00bb100px\u00bb button_letter_spacing=\u00bb4px\u00bb button_font=\u00bb|700||on|||||\u00bb custom_padding=\u00bb20px|40px|20px|40px|true|true\u00bb box_shadow_style=\u00bbpreset3&#8243; box_shadow_vertical=\u00bb20px\u00bb box_shadow_blur=\u00bb40px\u00bb box_shadow_spread=\u00bb0px\u00bb box_shadow_color=\u00bbrgba(0,0,0,0.1)\u00bb locked=\u00bboff\u00bb][\/et_pb_button][\/et_pb_column][\/et_pb_row][et_pb_row _builder_version=\u00bb4.1&#8243; custom_margin=\u00bb40px||-118px||false|false\u00bb][et_pb_column type=\u00bb4_4&#8243; _builder_version=\u00bb4.0.9&#8243;][et_pb_social_media_follow icon_color=\u00bb#fd8c03&#8243; _builder_version=\u00bb4.4.8&#8243; text_orientation=\u00bbcenter\u00bb border_radii=\u00bbon|100px|100px|100px|100px\u00bb box_shadow_style=\u00bbpreset3&#8243; box_shadow_vertical=\u00bb10px\u00bb box_shadow_blur=\u00bb20px\u00bb box_shadow_spread=\u00bb0px\u00bb box_shadow_color=\u00bbrgba(0,0,0,0.1)\u00bb locked=\u00bboff\u00bb][et_pb_social_media_follow_network social_network=\u00bbfacebook\u00bb url=\u00bbhttps:\/\/www.facebook.com\/accpl.sevilla?fref=ts\u00bb _builder_version=\u00bb4.4.8&#8243; background_color=\u00bb#ffffff\u00bb background_enable_color=\u00bbon\u00bb custom_margin=\u00bb|10px||10px|false|true\u00bb custom_padding=\u00bb10px|10px|10px|10px|true|true\u00bb follow_button=\u00bboff\u00bb url_new_window=\u00bbon\u00bb]facebook[\/et_pb_social_media_follow_network][\/et_pb_social_media_follow][\/et_pb_column][\/et_pb_row][\/et_pb_section][et_pb_section fb_built=\u00bb1&#8243; _builder_version=\u00bb4.4.8&#8243;][et_pb_row _builder_version=\u00bb4.4.8&#8243;][et_pb_column type=\u00bb4_4&#8243; _builder_version=\u00bb4.4.8&#8243;][et_pb_text _builder_version=\u00bb4.6.5&#8243; text_font_size=\u00bb16px\u00bb text_line_height=\u00bb1.8em\u00bb header_font=\u00bb||||||||\u00bb header_2_font=\u00bb||||||||\u00bb header_2_font_size=\u00bb20px\u00bb header_2_line_height=\u00bb1.8em\u00bb header_3_font=\u00bbPlayfair Display|700|||||||\u00bb header_3_font_size=\u00bb3vw\u00bb header_3_line_height=\u00bb1.2em\u00bb text_orientation=\u00bbcenter\u00bb max_width=\u00bb800px\u00bb module_alignment=\u00bbcenter\u00bb link_option_url=\u00bb#\u00bb hover_enabled=\u00bb0&#8243; text_font_size_tablet=\u00bb\u00bb text_font_size_phone=\u00bb16px\u00bb text_font_size_last_edited=\u00bbon|phone\u00bb header_3_font_size_tablet=\u00bb40px\u00bb header_3_font_size_phone=\u00bb26px\u00bb header_3_font_size_last_edited=\u00bbon|phone\u00bb locked=\u00bboff\u00bb sticky_enabled=\u00bb0&#8243;]<\/p>\n<h2>\u00a92021 Asociaci\u00f3n Centro Cultural Polic\u00eda Local | Dise\u00f1ado por <a href=\"https:\/\/www.nawebgando.com\/\">NaWEBGANDO<\/a><\/h2>\n<h3><\/h3>\n<p>[\/et_pb_text][\/et_pb_column][\/et_pb_row][\/et_pb_section]<\/p>\n","protected":false},"excerpt":{"rendered":"<p>OfertasAsociaci\u00f3n Centro Cultutal\u00a0 Polic\u00eda LocalTel\u00e9fono 955 47 38 04Email\u00a0 accpl@accpl.es\u00a92021 Asociaci\u00f3n Centro Cultural Polic\u00eda Local | Dise\u00f1ado por NaWEBGANDO<\/p>\n","protected":false},"author":554,"featured_media":0,"parent":0,"menu_order":0,"comment_status":"closed","ping_status":"closed","template":"","meta":{"_et_pb_use_builder":"on","_et_pb_old_content":"","_et_gb_content_width":"","footnotes":""},"class_list":["post-3782","page","type-page","status-publish","hentry"],"_links":{"self":[{"href":"https:\/\/www.accpl.es\/socios\/wp-json\/wp\/v2\/pages\/3782","targetHints":{"allow":["GET"]}}],"collection":[{"href":"https:\/\/www.accpl.es\/socios\/wp-json\/wp\/v2\/pages"}],"about":[{"href":"https:\/\/www.accpl.es\/socios\/wp-json\/wp\/v2\/types\/page"}],"author":[{"embeddable":true,"href":"https:\/\/www.accpl.es\/socios\/wp-json\/wp\/v2\/users\/554"}],"replies":[{"embeddable":true,"href":"https:\/\/www.accpl.es\/socios\/wp-json\/wp\/v2\/comments?post=3782"}],"version-history":[{"count":10,"href":"https:\/\/www.accpl.es\/socios\/wp-json\/wp\/v2\/pages\/3782\/revisions"}],"predecessor-version":[{"id":4038,"href":"https:\/\/www.accpl.es\/socios\/wp-json\/wp\/v2\/pages\/3782\/revisions\/4038"}],"wp:attachment":[{"href":"https:\/\/www.accpl.es\/socios\/wp-json\/wp\/v2\/media?parent=3782"}],"curies":[{"name":"wp","href":"https:\/\/api.w.org\/{rel}","templated":true}]}}